{"id":1920,"date":"2022-03-31T15:20:45","date_gmt":"2022-03-31T19:20:45","guid":{"rendered":"https:\/\/airecommune.com\/ilots-dete\/"},"modified":"2025-11-11T12:40:11","modified_gmt":"2025-11-11T16:40:11","slug":"ilots-dete","status":"publish","type":"page","link":"https:\/\/airecommune.com\/en\/ilots-dete\/","title":{"rendered":"\u00celots d&#8217;\u00e9t\u00e9"},"content":{"rendered":"","protected":false},"excerpt":{"rendered":"","protected":false},"author":1,"featured_media":0,"parent":0,"menu_order":0,"comment_status":"closed","ping_status":"closed","template":"template-summer-isles.php","meta":{"_acf_changed":false,"inline_featured_image":false,"footnotes":""},"class_list":["post-1920","page","type-page","status-publish","hentry"],"acf":[],"_links":{"self":[{"href":"https:\/\/airecommune.com\/en\/wp-json\/wp\/v2\/pages\/1920","targetHints":{"allow":["GET"]}}],"collection":[{"href":"https:\/\/airecommune.com\/en\/wp-json\/wp\/v2\/pages"}],"about":[{"href":"https:\/\/airecommune.com\/en\/wp-json\/wp\/v2\/types\/page"}],"author":[{"embeddable":true,"href":"https:\/\/airecommune.com\/en\/wp-json\/wp\/v2\/users\/1"}],"replies":[{"embeddable":true,"href":"https:\/\/airecommune.com\/en\/wp-json\/wp\/v2\/comments?post=1920"}],"version-history":[{"count":0,"href":"https:\/\/airecommune.com\/en\/wp-json\/wp\/v2\/pages\/1920\/revisions"}],"wp:attachment":[{"href":"https:\/\/airecommune.com\/en\/wp-json\/wp\/v2\/media?parent=1920"}],"curies":[{"name":"wp","href":"https:\/\/api.w.org\/{rel}","templated":true}]}}